{"id":1657,"date":"2025-02-20T12:18:34","date_gmt":"2025-02-20T11:18:34","guid":{"rendered":"http:\/\/www.werkstatt-musikgeschichte.de\/?page_id=1657"},"modified":"2025-02-25T11:52:20","modified_gmt":"2025-02-25T10:52:20","slug":"barock","status":"publish","type":"page","link":"http:\/\/www.werkstatt-musikgeschichte.de\/index.php\/barock\/","title":{"rendered":"Barock"},"content":{"rendered":"\t\t<div data-elementor-type=\"wp-page\" data-elementor-id=\"1657\" class=\"elementor elementor-1657\">\n\t\t\t\t\t\t<section class=\"elementor-section elementor-top-section elementor-element elementor-element-90449be elementor-section-stretched elementor-section-boxed elementor-section-height-default elementor-section-height-default\" data-id=\"90449be\" data-element_type=\"section\" data-e-type=\"section\" data-settings=\"{&quot;stretch_section&quot;:&quot;section-stretched&quot;}\">\n\t\t\t\t\t\t<div class=\"elementor-container elementor-column-gap-default\">\n\t\t\t\t\t<div class=\"elementor-column elementor-col-100 elementor-top-column elementor-element elementor-element-9342991\" data-id=\"9342991\" data-element_type=\"column\" data-e-type=\"column\">\n\t\t\t<div class=\"elementor-widget-wrap elementor-element-populated\">\n\t\t\t\t\t\t<div class=\"elementor-element elementor-element-6d2958d elementor-widget elementor-widget-image\" data-id=\"6d2958d\" data-element_type=\"widget\" data-e-type=\"widget\" data-widget_type=\"image.default\">\n\t\t\t\t<div class=\"elementor-widget-container\">\n\t\t\t\t\t\t\t\t\t\t\t\t\t\t\t<img fetchpriority=\"high\" decoding=\"async\" width=\"950\" height=\"319\" src=\"http:\/\/www.werkstatt-musikgeschichte.de\/wp-content\/uploads\/2025\/02\/1825.jpg\" class=\"attachment-full size-full wp-image-1529\" alt=\"\" srcset=\"http:\/\/www.werkstatt-musikgeschichte.de\/wp-content\/uploads\/2025\/02\/1825.jpg 950w, http:\/\/www.werkstatt-musikgeschichte.de\/wp-content\/uploads\/2025\/02\/1825-300x101.jpg 300w, http:\/\/www.werkstatt-musikgeschichte.de\/wp-content\/uploads\/2025\/02\/1825-768x258.jpg 768w\" sizes=\"(max-width: 950px) 100vw, 950px\" \/>\t\t\t\t\t\t\t\t\t\t\t\t\t\t\t<\/div>\n\t\t\t\t<\/div>\n\t\t\t\t\t<\/div>\n\t\t<\/div>\n\t\t\t\t\t<\/div>\n\t\t<\/section>\n\t\t\t\t<section class=\"elementor-section elementor-top-section elementor-element elementor-element-d88103e elementor-section-boxed elementor-section-height-default elementor-section-height-default\" data-id=\"d88103e\" data-element_type=\"section\" data-e-type=\"section\">\n\t\t\t\t\t\t<div class=\"elementor-container elementor-column-gap-default\">\n\t\t\t\t\t<div class=\"elementor-column elementor-col-100 elementor-top-column elementor-element elementor-element-104cc0b\" data-id=\"104cc0b\" data-element_type=\"column\" data-e-type=\"column\">\n\t\t\t<div class=\"elementor-widget-wrap elementor-element-populated\">\n\t\t\t\t\t\t<div class=\"elementor-element elementor-element-c80ab21 elementor-widget elementor-widget-heading\" data-id=\"c80ab21\" data-element_type=\"widget\" data-e-type=\"widget\" data-widget_type=\"heading.default\">\n\t\t\t\t<div class=\"elementor-widget-container\">\n\t\t\t\t\t<h2 class=\"elementor-heading-title elementor-size-default\">Barock<\/h2>\t\t\t\t<\/div>\n\t\t\t\t<\/div>\n\t\t\t\t\t<\/div>\n\t\t<\/div>\n\t\t\t\t\t<\/div>\n\t\t<\/section>\n\t\t\t\t<section class=\"elementor-section elementor-inner-section elementor-element elementor-element-3abf28e8 elementor-section-boxed elementor-section-height-default elementor-section-height-default\" data-id=\"3abf28e8\" data-element_type=\"section\" data-e-type=\"section\">\n\t\t\t\t\t\t<div class=\"elementor-container elementor-column-gap-default\">\n\t\t\t\t\t<div class=\"elementor-column elementor-col-50 elementor-inner-column elementor-element elementor-element-2d64137c\" data-id=\"2d64137c\" data-element_type=\"column\" data-e-type=\"column\">\n\t\t\t<div class=\"elementor-widget-wrap elementor-element-populated\">\n\t\t\t\t\t\t<div class=\"elementor-element elementor-element-55b690ac elementor-widget elementor-widget-text-editor\" data-id=\"55b690ac\" data-element_type=\"widget\" data-e-type=\"widget\" data-widget_type=\"text-editor.default\">\n\t\t\t\t<div class=\"elementor-widget-container\">\n\t\t\t\t\t\t\t\t\t<p><a href=\"http:\/\/www.werkstatt-musikgeschichte.de\/wp-content\/uploads\/2025\/02\/BA-00-LehrerInnenhandreichung.pdf\" target=\"_blank\" rel=\"noopener\">BA 00, LehrerInnenhandreichung<\/a><br \/><a href=\"http:\/\/www.werkstatt-musikgeschichte.de\/wp-content\/uploads\/2025\/02\/BA-00-Bildpraesentation.pptx\">BA 00, Bildpr\u00e4sentation<\/a><br \/><a href=\"http:\/\/www.werkstatt-musikgeschichte.de\/wp-content\/uploads\/2025\/02\/BA-00-Bildpraesentation.pdf\" target=\"_blank\" rel=\"noopener\">BA 00, Bildpr\u00e4sentation als PDF<\/a><br \/><a href=\"http:\/\/www.werkstatt-musikgeschichte.de\/wp-content\/uploads\/2025\/02\/BA-01-Ueber-die-Macht-der-Musik-nachdenken.pdf\" target=\"_blank\" rel=\"noopener\">BA 01, \u00dcber die Macht der Musik nachdenken<\/a><br \/><a href=\"http:\/\/www.werkstatt-musikgeschichte.de\/wp-content\/uploads\/2025\/02\/BA-02-Mit-Musik-Gefuehle-darstellen.pdf\" target=\"_blank\" rel=\"noopener\">BA 02, Mit Musik Gef\u00fchle darstellen<\/a><br \/><a href=\"http:\/\/www.werkstatt-musikgeschichte.de\/wp-content\/uploads\/2025\/02\/BA-03-Bilder-vergleichen.pdf\" target=\"_blank\" rel=\"noopener\">BA 03, Bilder vergleichen<\/a><br \/><a href=\"http:\/\/www.werkstatt-musikgeschichte.de\/wp-content\/uploads\/2025\/02\/BA-04-Musik-erfinden-nach-Zahlen.pdf\" target=\"_blank\" rel=\"noopener\">BA 04, Musik erfinden nach Zahlen<\/a><br \/><a href=\"http:\/\/www.werkstatt-musikgeschichte.de\/wp-content\/uploads\/2025\/02\/BA-05-Die-Tonleiter-harmonisieren.pdf\" target=\"_blank\" rel=\"noopener\">BA 05, Die Tonleiter harmonisieren<\/a><br \/><a href=\"http:\/\/www.werkstatt-musikgeschichte.de\/wp-content\/uploads\/2025\/02\/BA-06-Eine-Hoerpartitur-anfertigen.pdf\" target=\"_blank\" rel=\"noopener\">BA 06, Eine H\u00f6rpartitur anfertigen<\/a><br \/><a href=\"http:\/\/www.werkstatt-musikgeschichte.de\/wp-content\/uploads\/2025\/02\/BA-07-Architekturelemente-zeichnen.pdf\" target=\"_blank\" rel=\"noopener\">BA 07, Architekturelemente zeichnen<\/a><br \/><a href=\"http:\/\/www.werkstatt-musikgeschichte.de\/wp-content\/uploads\/2025\/02\/BA-08-Ein-Hoerraetsel-loesen.pdf\" target=\"_blank\" rel=\"noopener\">BA 08, Ein H\u00f6rr\u00e4tsel l\u00f6sen<\/a><br \/><a href=\"http:\/\/www.werkstatt-musikgeschichte.de\/wp-content\/uploads\/2025\/02\/BA-09-Einfache-Musikinstrumente-bauen.pdf\" target=\"_blank\" rel=\"noopener\">BA 09, Einfache Musikinstrumente bauen<\/a><br \/><a href=\"http:\/\/www.werkstatt-musikgeschichte.de\/wp-content\/uploads\/2025\/02\/BA-10.-Die-Teiltonreihe-entdecken.pdf\" target=\"_blank\" rel=\"noopener\">BA 10, Die Teiltonreihe entdecken<\/a><br \/><a href=\"http:\/\/www.werkstatt-musikgeschichte.de\/wp-content\/uploads\/2025\/02\/BA-11-Instrumentalmusik-untersuchen.pdf\" target=\"_blank\" rel=\"noopener\">BA 11, Instrumentalmusik untersuchen<\/a><\/p>\t\t\t\t\t\t\t\t<\/div>\n\t\t\t\t<\/div>\n\t\t\t\t\t<\/div>\n\t\t<\/div>\n\t\t\t\t<div class=\"elementor-column elementor-col-50 elementor-inner-column elementor-element elementor-element-6b57050e\" data-id=\"6b57050e\" data-element_type=\"column\" data-e-type=\"column\">\n\t\t\t<div class=\"elementor-widget-wrap elementor-element-populated\">\n\t\t\t\t\t\t<div class=\"elementor-element elementor-element-6f9def9c elementor-widget elementor-widget-text-editor\" data-id=\"6f9def9c\" data-element_type=\"widget\" data-e-type=\"widget\" data-widget_type=\"text-editor.default\">\n\t\t\t\t<div class=\"elementor-widget-container\">\n\t\t\t\t\t\t\t\t\t<p><a href=\"http:\/\/www.werkstatt-musikgeschichte.de\/wp-content\/uploads\/2025\/02\/BA-12-Sequenzen-bilden.pdf\" target=\"_blank\" rel=\"noopener\">BA 12, Sequenzen bilden<\/a><br \/><a href=\"http:\/\/www.werkstatt-musikgeschichte.de\/wp-content\/uploads\/2025\/02\/BA-13.-Das-Prinzip-Kanon-verstehen.pdf\" target=\"_blank\" rel=\"noopener\">BA 13, Das Prinzip Kanon verstehen<\/a><br \/><a href=\"http:\/\/www.werkstatt-musikgeschichte.de\/wp-content\/uploads\/2025\/02\/BA-14-Dur-und-moll-unterscheiden.pdf\" target=\"_blank\" rel=\"noopener\">BA 14, Dur und moll unterscheiden<\/a><br \/><a href=\"http:\/\/www.werkstatt-musikgeschichte.de\/wp-content\/uploads\/2025\/02\/BA-15-Ein-Solostueck-komponieren.pdf\" target=\"_blank\" rel=\"noopener\">BA 15, Ein Solost\u00fcck komponieren<\/a><br \/><a href=\"http:\/\/www.werkstatt-musikgeschichte.de\/wp-content\/uploads\/2025\/02\/BA-16-Einen-Einfall-drehen-und-wenden.pdf\" target=\"_blank\" rel=\"noopener\">BA 16, Einen Einfall drehen und wenden<\/a><br \/><a href=\"http:\/\/www.werkstatt-musikgeschichte.de\/wp-content\/uploads\/2025\/02\/BA-17.-Eine-Fuge-analysieren.pdf\" target=\"_blank\" rel=\"noopener\">BA 17, Eine Fuge analysieren<\/a><br \/><a href=\"http:\/\/www.werkstatt-musikgeschichte.de\/wp-content\/uploads\/2025\/02\/BA-18.-Lieder-untersuchen.pdf\" target=\"_blank\" rel=\"noopener\">BA 18, Lieder untersuchen<\/a><br \/><a href=\"http:\/\/www.werkstatt-musikgeschichte.de\/wp-content\/uploads\/2025\/02\/BA-19.-Harmonien-aufeinander-beziehen.pdf\" target=\"_blank\" rel=\"noopener\">BA 19, Harmonien aufeinander beziehen<\/a><br \/><a href=\"http:\/\/www.werkstatt-musikgeschichte.de\/wp-content\/uploads\/2025\/02\/BA-20.-Den-Quintenzirkel-zurechtbiegen.pdf\" target=\"_blank\" rel=\"noopener\">BA 20, Den Quintenzirkel zurechtbiegen<\/a><br \/><a href=\"http:\/\/www.werkstatt-musikgeschichte.de\/wp-content\/uploads\/2025\/02\/BA-21-Ein-Vogelkonzert-gestalten.pdf\" target=\"_blank\" rel=\"noopener\">BA 21, Ein Vogelkonzert gestalten<\/a><br \/><a href=\"http:\/\/www.werkstatt-musikgeschichte.de\/wp-content\/uploads\/2025\/02\/BA-22-Ein-Vogelkonzert-untersuchen.pdf\" target=\"_blank\" rel=\"noopener\">BA 22, Ein Vogelkonzert untersuchen<\/a><br \/><a href=\"http:\/\/www.werkstatt-musikgeschichte.de\/wp-content\/uploads\/2025\/02\/BA-23-Die-Form-eines-Konzerts-betrachten.pdf\" target=\"_blank\" rel=\"noopener\">BA 23, Die Form eines Konzerts betrachten<\/a><br \/><a href=\"http:\/\/www.werkstatt-musikgeschichte.de\/wp-content\/uploads\/2025\/02\/BA-24.-Einen-barocken-Garten-gestalten.pdf\" target=\"_blank\" rel=\"noopener\">BA 24, Einen barocken Garten gestalten<\/a><br \/><a href=\"http:\/\/www.werkstatt-musikgeschichte.de\/wp-content\/uploads\/2025\/02\/BA-25.-Ein-Menuett-musizieren-und-tanzen.pdf\" target=\"_blank\" rel=\"noopener\">BA 25, Ein Menuett musizieren und tanzen<\/a><\/p>\t\t\t\t\t\t\t\t<\/div>\n\t\t\t\t<\/div>\n\t\t\t\t\t<\/div>\n\t\t<\/div>\n\t\t\t\t\t<\/div>\n\t\t<\/section>\n\t\t\t\t<\/div>\n\t\t","protected":false},"excerpt":{"rendered":"<p>Barock BA 00, LehrerInnenhandreichungBA 00, Bildpr\u00e4sentationBA 00, Bildpr\u00e4sentation als PDFBA 01, \u00dcber die Macht der Musik nachdenkenBA 02, Mit Musik Gef\u00fchle darstellenBA 03, Bilder vergleichenBA 04, Musik erfinden nach ZahlenBA 05, Die Tonleiter harmonisierenBA 06, Eine H\u00f6rpartitur anfertigenBA 07, Architekturelemente zeichnenBA 08, Ein H\u00f6rr\u00e4tsel l\u00f6senBA 09, Einfache Musikinstrumente bauenBA 10, Die Teiltonreihe entdeckenBA 11, Instrumentalmusik [&hellip;]<\/p>\n","protected":false},"author":1,"featured_media":0,"parent":0,"menu_order":0,"comment_status":"closed","ping_status":"closed","template":"","meta":{"ocean_post_layout":"","ocean_both_sidebars_style":"","ocean_both_sidebars_content_width":0,"ocean_both_sidebars_sidebars_width":0,"ocean_sidebar":"","ocean_second_sidebar":"","ocean_disable_margins":"enable","ocean_add_body_class":"","ocean_shortcode_before_top_bar":"","ocean_shortcode_after_top_bar":"","ocean_shortcode_before_header":"","ocean_shortcode_after_header":"","ocean_has_shortcode":"","ocean_shortcode_after_title":"","ocean_shortcode_before_footer_widgets":"","ocean_shortcode_after_footer_widgets":"","ocean_shortcode_before_footer_bottom":"","ocean_shortcode_after_footer_bottom":"","ocean_display_top_bar":"default","ocean_display_header":"default","ocean_header_style":"","ocean_center_header_left_menu":"","ocean_custom_header_template":"","ocean_custom_logo":0,"ocean_custom_retina_logo":0,"ocean_custom_logo_max_width":0,"ocean_custom_logo_tablet_max_width":0,"ocean_custom_logo_mobile_max_width":0,"ocean_custom_logo_max_height":0,"ocean_custom_logo_tablet_max_height":0,"ocean_custom_logo_mobile_max_height":0,"ocean_header_custom_menu":"","ocean_menu_typo_font_family":"","ocean_menu_typo_font_subset":"","ocean_menu_typo_font_size":0,"ocean_menu_typo_font_size_tablet":0,"ocean_menu_typo_font_size_mobile":0,"ocean_menu_typo_font_size_unit":"px","ocean_menu_typo_font_weight":"","ocean_menu_typo_font_weight_tablet":"","ocean_menu_typo_font_weight_mobile":"","ocean_menu_typo_transform":"","ocean_menu_typo_transform_tablet":"","ocean_menu_typo_transform_mobile":"","ocean_menu_typo_line_height":0,"ocean_menu_typo_line_height_tablet":0,"ocean_menu_typo_line_height_mobile":0,"ocean_menu_typo_line_height_unit":"","ocean_menu_typo_spacing":0,"ocean_menu_typo_spacing_tablet":0,"ocean_menu_typo_spacing_mobile":0,"ocean_menu_typo_spacing_unit":"","ocean_menu_link_color":"","ocean_menu_link_color_hover":"","ocean_menu_link_color_active":"","ocean_menu_link_background":"","ocean_menu_link_hover_background":"","ocean_menu_link_active_background":"","ocean_menu_social_links_bg":"","ocean_menu_social_hover_links_bg":"","ocean_menu_social_links_color":"","ocean_menu_social_hover_links_color":"","ocean_disable_title":"default","ocean_disable_heading":"default","ocean_post_title":"","ocean_post_subheading":"","ocean_post_title_style":"","ocean_post_title_background_color":"","ocean_post_title_background":0,"ocean_post_title_bg_image_position":"","ocean_post_title_bg_image_attachment":"","ocean_post_title_bg_image_repeat":"","ocean_post_title_bg_image_size":"","ocean_post_title_height":0,"ocean_post_title_bg_overlay":0.5,"ocean_post_title_bg_overlay_color":"","ocean_disable_breadcrumbs":"default","ocean_breadcrumbs_color":"","ocean_breadcrumbs_separator_color":"","ocean_breadcrumbs_links_color":"","ocean_breadcrumbs_links_hover_color":"","ocean_display_footer_widgets":"default","ocean_display_footer_bottom":"default","ocean_custom_footer_template":"","footnotes":""},"class_list":["post-1657","page","type-page","status-publish","hentry","entry"],"_links":{"self":[{"href":"http:\/\/www.werkstatt-musikgeschichte.de\/index.php\/wp-json\/wp\/v2\/pages\/1657","targetHints":{"allow":["GET"]}}],"collection":[{"href":"http:\/\/www.werkstatt-musikgeschichte.de\/index.php\/wp-json\/wp\/v2\/pages"}],"about":[{"href":"http:\/\/www.werkstatt-musikgeschichte.de\/index.php\/wp-json\/wp\/v2\/types\/page"}],"author":[{"embeddable":true,"href":"http:\/\/www.werkstatt-musikgeschichte.de\/index.php\/wp-json\/wp\/v2\/users\/1"}],"replies":[{"embeddable":true,"href":"http:\/\/www.werkstatt-musikgeschichte.de\/index.php\/wp-json\/wp\/v2\/comments?post=1657"}],"version-history":[{"count":6,"href":"http:\/\/www.werkstatt-musikgeschichte.de\/index.php\/wp-json\/wp\/v2\/pages\/1657\/revisions"}],"predecessor-version":[{"id":1988,"href":"http:\/\/www.werkstatt-musikgeschichte.de\/index.php\/wp-json\/wp\/v2\/pages\/1657\/revisions\/1988"}],"wp:attachment":[{"href":"http:\/\/www.werkstatt-musikgeschichte.de\/index.php\/wp-json\/wp\/v2\/media?parent=1657"}],"curies":[{"name":"wp","href":"https:\/\/api.w.org\/{rel}","templated":true}]}}