{"id":1631,"date":"2025-02-20T12:09:25","date_gmt":"2025-02-20T11:09:25","guid":{"rendered":"http:\/\/www.werkstatt-musikgeschichte.de\/?page_id=1631"},"modified":"2025-02-23T09:18:51","modified_gmt":"2025-02-23T08:18:51","slug":"mittelalter","status":"publish","type":"page","link":"http:\/\/www.werkstatt-musikgeschichte.de\/index.php\/mittelalter\/","title":{"rendered":"Mittelalter"},"content":{"rendered":"\t\t<div data-elementor-type=\"wp-page\" data-elementor-id=\"1631\" class=\"elementor elementor-1631\">\n\t\t\t\t\t\t<section class=\"elementor-section elementor-top-section elementor-element elementor-element-fdc03ab elementor-section-stretched elementor-section-boxed elementor-section-height-default elementor-section-height-default\" data-id=\"fdc03ab\" data-element_type=\"section\" data-e-type=\"section\" data-settings=\"{&quot;stretch_section&quot;:&quot;section-stretched&quot;}\">\n\t\t\t\t\t\t<div class=\"elementor-container elementor-column-gap-default\">\n\t\t\t\t\t<div class=\"elementor-column elementor-col-100 elementor-top-column elementor-element elementor-element-adecd09\" data-id=\"adecd09\" data-element_type=\"column\" data-e-type=\"column\">\n\t\t\t<div class=\"elementor-widget-wrap elementor-element-populated\">\n\t\t\t\t\t\t<div class=\"elementor-element elementor-element-42cb162 elementor-widget elementor-widget-image\" data-id=\"42cb162\" data-element_type=\"widget\" data-e-type=\"widget\" data-widget_type=\"image.default\">\n\t\t\t\t<div class=\"elementor-widget-container\">\n\t\t\t\t\t\t\t\t\t\t\t\t\t\t\t<img fetchpriority=\"high\" decoding=\"async\" width=\"950\" height=\"319\" src=\"http:\/\/www.werkstatt-musikgeschichte.de\/wp-content\/uploads\/2025\/02\/1825.jpg\" class=\"attachment-full size-full wp-image-1529\" alt=\"\" srcset=\"http:\/\/www.werkstatt-musikgeschichte.de\/wp-content\/uploads\/2025\/02\/1825.jpg 950w, http:\/\/www.werkstatt-musikgeschichte.de\/wp-content\/uploads\/2025\/02\/1825-300x101.jpg 300w, http:\/\/www.werkstatt-musikgeschichte.de\/wp-content\/uploads\/2025\/02\/1825-768x258.jpg 768w\" sizes=\"(max-width: 950px) 100vw, 950px\" \/>\t\t\t\t\t\t\t\t\t\t\t\t\t\t\t<\/div>\n\t\t\t\t<\/div>\n\t\t\t\t\t<\/div>\n\t\t<\/div>\n\t\t\t\t\t<\/div>\n\t\t<\/section>\n\t\t\t\t<section class=\"elementor-section elementor-top-section elementor-element elementor-element-7b86868 elementor-section-boxed elementor-section-height-default elementor-section-height-default\" data-id=\"7b86868\" data-element_type=\"section\" data-e-type=\"section\">\n\t\t\t\t\t\t<div class=\"elementor-container elementor-column-gap-default\">\n\t\t\t\t\t<div class=\"elementor-column elementor-col-100 elementor-top-column elementor-element elementor-element-e73dc68\" data-id=\"e73dc68\" data-element_type=\"column\" data-e-type=\"column\">\n\t\t\t<div class=\"elementor-widget-wrap elementor-element-populated\">\n\t\t\t\t\t\t<div class=\"elementor-element elementor-element-e1a6f50 elementor-widget elementor-widget-heading\" data-id=\"e1a6f50\" data-element_type=\"widget\" data-e-type=\"widget\" data-widget_type=\"heading.default\">\n\t\t\t\t<div class=\"elementor-widget-container\">\n\t\t\t\t\t<h2 class=\"elementor-heading-title elementor-size-default\">Mittelalter<\/h2>\t\t\t\t<\/div>\n\t\t\t\t<\/div>\n\t\t\t\t\t<\/div>\n\t\t<\/div>\n\t\t\t\t\t<\/div>\n\t\t<\/section>\n\t\t\t\t<section class=\"elementor-section elementor-inner-section elementor-element elementor-element-11a36320 elementor-section-boxed elementor-section-height-default elementor-section-height-default\" data-id=\"11a36320\" data-element_type=\"section\" data-e-type=\"section\">\n\t\t\t\t\t\t<div class=\"elementor-container elementor-column-gap-default\">\n\t\t\t\t\t<div class=\"elementor-column elementor-col-50 elementor-inner-column elementor-element elementor-element-1b1e1ed0\" data-id=\"1b1e1ed0\" data-element_type=\"column\" data-e-type=\"column\">\n\t\t\t<div class=\"elementor-widget-wrap elementor-element-populated\">\n\t\t\t\t\t\t<div class=\"elementor-element elementor-element-29e37b10 elementor-widget elementor-widget-text-editor\" data-id=\"29e37b10\" data-element_type=\"widget\" data-e-type=\"widget\" data-widget_type=\"text-editor.default\">\n\t\t\t\t<div class=\"elementor-widget-container\">\n\t\t\t\t\t\t\t\t\t<p><a href=\"http:\/\/www.werkstatt-musikgeschichte.de\/wp-content\/uploads\/2025\/02\/MA-00-LehrerInnenhandreichung.pdf\" target=\"_blank\" rel=\"noopener\">MA 00, LehrerInnenhandreichung<\/a><br \/><a href=\"http:\/\/www.werkstatt-musikgeschichte.de\/wp-content\/uploads\/2025\/02\/MA-00-Bildpraesentation.pptx\" rel=\"noopener\">MA 00, Bildpr\u00e4sentation<\/a><br \/><a href=\"http:\/\/www.werkstatt-musikgeschichte.de\/wp-content\/uploads\/2025\/02\/MA-00-Bildpraesentation.pdf\" target=\"_blank\" rel=\"noopener\">MA 00, Bildpr\u00e4sentation als PDF<\/a><br \/><a href=\"http:\/\/www.werkstatt-musikgeschichte.de\/wp-content\/uploads\/2025\/02\/MA-01-Hoeren-und-sich-informieren.pdf\" target=\"_blank\" rel=\"noopener\">MA 01, H\u00f6ren und sich informieren<\/a><br \/><a href=\"http:\/\/www.werkstatt-musikgeschichte.de\/wp-content\/uploads\/2025\/02\/MA-02-Eine-romanische-Kirche-zeichnen.pdf\" target=\"_blank\" rel=\"noopener\">MA 02, Eine romanische Kirche zeichnen<\/a><br \/><a href=\"http:\/\/www.werkstatt-musikgeschichte.de\/wp-content\/uploads\/2025\/02\/MA-03-Singen-und-eine-Notation-erfinden.pdf\" target=\"_blank\" rel=\"noopener\">MA 03, Singen und eine Notation erfinden<\/a><br \/><a href=\"http:\/\/www.werkstatt-musikgeschichte.de\/wp-content\/uploads\/2025\/02\/MA-04.-Eine-Quadratnotation-transkribieren.pdf\" target=\"_blank\" rel=\"noopener\">MA 04, Eine Quadratnotation transkribieren<\/a><br \/><a href=\"http:\/\/www.werkstatt-musikgeschichte.de\/wp-content\/uploads\/2025\/02\/MA-05-Kirchentonarten-untersuchen.pdf\" target=\"_blank\" rel=\"noopener\">MA 05, Kirchentonarten untersuchen<\/a><br \/><a href=\"http:\/\/www.werkstatt-musikgeschichte.de\/wp-content\/uploads\/2025\/02\/MA-06-Choralmelodien-erfinden.pdf\" target=\"_blank\" rel=\"noopener\">MA 06, Choralmelodien erfinden<\/a><br \/><a href=\"http:\/\/www.werkstatt-musikgeschichte.de\/wp-content\/uploads\/2025\/02\/MA-07-Kulturen-vergleichen.pdf\" target=\"_blank\" rel=\"noopener\">MA 07, Kulturen vergleichen<\/a><br \/><a href=\"http:\/\/www.werkstatt-musikgeschichte.de\/wp-content\/uploads\/2025\/02\/MA-08-Einen-Tropus-komponieren.pdf\" target=\"_blank\" rel=\"noopener\">MA 08, Einen Tropus komponieren<\/a><\/p>\t\t\t\t\t\t\t\t<\/div>\n\t\t\t\t<\/div>\n\t\t\t\t\t<\/div>\n\t\t<\/div>\n\t\t\t\t<div class=\"elementor-column elementor-col-50 elementor-inner-column elementor-element elementor-element-51ec8748\" data-id=\"51ec8748\" data-element_type=\"column\" data-e-type=\"column\">\n\t\t\t<div class=\"elementor-widget-wrap elementor-element-populated\">\n\t\t\t\t\t\t<div class=\"elementor-element elementor-element-20e465fc elementor-widget elementor-widget-text-editor\" data-id=\"20e465fc\" data-element_type=\"widget\" data-e-type=\"widget\" data-widget_type=\"text-editor.default\">\n\t\t\t\t<div class=\"elementor-widget-container\">\n\t\t\t\t\t\t\t\t\t<p><a href=\"http:\/\/www.werkstatt-musikgeschichte.de\/wp-content\/uploads\/2025\/02\/MA-09-Ein-Parallelorganum-aussetzen.pdf\" target=\"_blank\" rel=\"noopener\">MA 09, Ein Parallelorganum aussetzen<\/a><br \/><a href=\"http:\/\/www.werkstatt-musikgeschichte.de\/wp-content\/uploads\/2025\/02\/MA-10-Kirchentonarten-transponieren.pdf\" target=\"_blank\" rel=\"noopener\">MA 10, Kirchentonarten transponieren<\/a><br \/><a href=\"http:\/\/www.werkstatt-musikgeschichte.de\/wp-content\/uploads\/2025\/02\/MA-11-Improvisieren-in-modalen-Rhythmen.pdf\" target=\"_blank\" rel=\"noopener\">MA 11, Improvisieren in modalen Rhythmen<\/a><br \/><a href=\"http:\/\/www.werkstatt-musikgeschichte.de\/wp-content\/uploads\/2025\/02\/MA-12-Initialen-kunstvoll-gestalten.pdf\" target=\"_blank\" rel=\"noopener\">MA 12, Initialen kunstvoll gestalten<\/a><br \/><a href=\"http:\/\/www.werkstatt-musikgeschichte.de\/wp-content\/uploads\/2025\/02\/MA-13-Schwarze-Mensuralnotation-transkribieren.pdf\" target=\"_blank\" rel=\"noopener\">MA 13, Schwarze Mensuralnotation transkribieren<\/a><br \/><a href=\"http:\/\/www.werkstatt-musikgeschichte.de\/wp-content\/uploads\/2025\/02\/MA-14-Instrumente-am-Klang-erkennen.pdf\" target=\"_blank\" rel=\"noopener\">MA 14, Instrumente am Klang erkennen<\/a><br \/><a href=\"http:\/\/www.werkstatt-musikgeschichte.de\/wp-content\/uploads\/2025\/02\/MA-15-Musizieren-und-tanzen.pdf\" target=\"_blank\" rel=\"noopener\">MA 15, Musizieren und tanzen<\/a><br \/><a href=\"http:\/\/www.werkstatt-musikgeschichte.de\/wp-content\/uploads\/2025\/02\/MA-16-Hoeren-und-musizieren.pdf\" target=\"_blank\" rel=\"noopener\">MA 16, H\u00f6ren und musizieren<\/a><br \/><a href=\"http:\/\/www.werkstatt-musikgeschichte.de\/wp-content\/uploads\/2025\/02\/MA-17-Improvisieren.pdf\" target=\"_blank\" rel=\"noopener\">MA 17, Improvisieren<\/a><\/p>\t\t\t\t\t\t\t\t<\/div>\n\t\t\t\t<\/div>\n\t\t\t\t\t<\/div>\n\t\t<\/div>\n\t\t\t\t\t<\/div>\n\t\t<\/section>\n\t\t\t\t<\/div>\n\t\t","protected":false},"excerpt":{"rendered":"<p>Mittelalter MA 00, LehrerInnenhandreichungMA 00, Bildpr\u00e4sentationMA 00, Bildpr\u00e4sentation als PDFMA 01, H\u00f6ren und sich informierenMA 02, Eine romanische Kirche zeichnenMA 03, Singen und eine Notation erfindenMA 04, Eine Quadratnotation transkribierenMA 05, Kirchentonarten untersuchenMA 06, Choralmelodien erfindenMA 07, Kulturen vergleichenMA 08, Einen Tropus komponieren MA 09, Ein Parallelorganum aussetzenMA 10, Kirchentonarten transponierenMA 11, Improvisieren in modalen [&hellip;]<\/p>\n","protected":false},"author":1,"featured_media":0,"parent":0,"menu_order":0,"comment_status":"closed","ping_status":"closed","template":"","meta":{"ocean_post_layout":"","ocean_both_sidebars_style":"","ocean_both_sidebars_content_width":0,"ocean_both_sidebars_sidebars_width":0,"ocean_sidebar":"","ocean_second_sidebar":"","ocean_disable_margins":"enable","ocean_add_body_class":"","ocean_shortcode_before_top_bar":"","ocean_shortcode_after_top_bar":"","ocean_shortcode_before_header":"","ocean_shortcode_after_header":"","ocean_has_shortcode":"","ocean_shortcode_after_title":"","ocean_shortcode_before_footer_widgets":"","ocean_shortcode_after_footer_widgets":"","ocean_shortcode_before_footer_bottom":"","ocean_shortcode_after_footer_bottom":"","ocean_display_top_bar":"default","ocean_display_header":"default","ocean_header_style":"","ocean_center_header_left_menu":"","ocean_custom_header_template":"","ocean_custom_logo":0,"ocean_custom_retina_logo":0,"ocean_custom_logo_max_width":0,"ocean_custom_logo_tablet_max_width":0,"ocean_custom_logo_mobile_max_width":0,"ocean_custom_logo_max_height":0,"ocean_custom_logo_tablet_max_height":0,"ocean_custom_logo_mobile_max_height":0,"ocean_header_custom_menu":"","ocean_menu_typo_font_family":"","ocean_menu_typo_font_subset":"","ocean_menu_typo_font_size":0,"ocean_menu_typo_font_size_tablet":0,"ocean_menu_typo_font_size_mobile":0,"ocean_menu_typo_font_size_unit":"px","ocean_menu_typo_font_weight":"","ocean_menu_typo_font_weight_tablet":"","ocean_menu_typo_font_weight_mobile":"","ocean_menu_typo_transform":"","ocean_menu_typo_transform_tablet":"","ocean_menu_typo_transform_mobile":"","ocean_menu_typo_line_height":0,"ocean_menu_typo_line_height_tablet":0,"ocean_menu_typo_line_height_mobile":0,"ocean_menu_typo_line_height_unit":"","ocean_menu_typo_spacing":0,"ocean_menu_typo_spacing_tablet":0,"ocean_menu_typo_spacing_mobile":0,"ocean_menu_typo_spacing_unit":"","ocean_menu_link_color":"","ocean_menu_link_color_hover":"","ocean_menu_link_color_active":"","ocean_menu_link_background":"","ocean_menu_link_hover_background":"","ocean_menu_link_active_background":"","ocean_menu_social_links_bg":"","ocean_menu_social_hover_links_bg":"","ocean_menu_social_links_color":"","ocean_menu_social_hover_links_color":"","ocean_disable_title":"default","ocean_disable_heading":"default","ocean_post_title":"","ocean_post_subheading":"","ocean_post_title_style":"","ocean_post_title_background_color":"","ocean_post_title_background":0,"ocean_post_title_bg_image_position":"","ocean_post_title_bg_image_attachment":"","ocean_post_title_bg_image_repeat":"","ocean_post_title_bg_image_size":"","ocean_post_title_height":0,"ocean_post_title_bg_overlay":0.5,"ocean_post_title_bg_overlay_color":"","ocean_disable_breadcrumbs":"default","ocean_breadcrumbs_color":"","ocean_breadcrumbs_separator_color":"","ocean_breadcrumbs_links_color":"","ocean_breadcrumbs_links_hover_color":"","ocean_display_footer_widgets":"default","ocean_display_footer_bottom":"default","ocean_custom_footer_template":"","footnotes":""},"class_list":["post-1631","page","type-page","status-publish","hentry","entry"],"_links":{"self":[{"href":"http:\/\/www.werkstatt-musikgeschichte.de\/index.php\/wp-json\/wp\/v2\/pages\/1631","targetHints":{"allow":["GET"]}}],"collection":[{"href":"http:\/\/www.werkstatt-musikgeschichte.de\/index.php\/wp-json\/wp\/v2\/pages"}],"about":[{"href":"http:\/\/www.werkstatt-musikgeschichte.de\/index.php\/wp-json\/wp\/v2\/types\/page"}],"author":[{"embeddable":true,"href":"http:\/\/www.werkstatt-musikgeschichte.de\/index.php\/wp-json\/wp\/v2\/users\/1"}],"replies":[{"embeddable":true,"href":"http:\/\/www.werkstatt-musikgeschichte.de\/index.php\/wp-json\/wp\/v2\/comments?post=1631"}],"version-history":[{"count":3,"href":"http:\/\/www.werkstatt-musikgeschichte.de\/index.php\/wp-json\/wp\/v2\/pages\/1631\/revisions"}],"predecessor-version":[{"id":1957,"href":"http:\/\/www.werkstatt-musikgeschichte.de\/index.php\/wp-json\/wp\/v2\/pages\/1631\/revisions\/1957"}],"wp:attachment":[{"href":"http:\/\/www.werkstatt-musikgeschichte.de\/index.php\/wp-json\/wp\/v2\/media?parent=1631"}],"curies":[{"name":"wp","href":"https:\/\/api.w.org\/{rel}","templated":true}]}}