{"id":1622,"date":"2025-02-20T12:05:36","date_gmt":"2025-02-20T11:05:36","guid":{"rendered":"http:\/\/www.werkstatt-musikgeschichte.de\/?page_id=1622"},"modified":"2025-02-23T09:21:26","modified_gmt":"2025-02-23T08:21:26","slug":"urheberrechte","status":"publish","type":"page","link":"http:\/\/www.werkstatt-musikgeschichte.de\/index.php\/urheberrechte\/","title":{"rendered":"Urheberrechte"},"content":{"rendered":"\t\t<div data-elementor-type=\"wp-page\" data-elementor-id=\"1622\" class=\"elementor elementor-1622\">\n\t\t\t\t\t\t<section class=\"elementor-section elementor-top-section elementor-element elementor-element-611de8a elementor-section-stretched elementor-section-boxed elementor-section-height-default elementor-section-height-default\" data-id=\"611de8a\" data-element_type=\"section\" data-e-type=\"section\" data-settings=\"{&quot;stretch_section&quot;:&quot;section-stretched&quot;}\">\n\t\t\t\t\t\t<div class=\"elementor-container elementor-column-gap-default\">\n\t\t\t\t\t<div class=\"elementor-column elementor-col-100 elementor-top-column elementor-element elementor-element-ca4327e\" data-id=\"ca4327e\" data-element_type=\"column\" data-e-type=\"column\">\n\t\t\t<div class=\"elementor-widget-wrap elementor-element-populated\">\n\t\t\t\t\t\t<div class=\"elementor-element elementor-element-ce3356c elementor-widget elementor-widget-image\" data-id=\"ce3356c\" data-element_type=\"widget\" data-e-type=\"widget\" data-widget_type=\"image.default\">\n\t\t\t\t<div class=\"elementor-widget-container\">\n\t\t\t\t\t\t\t\t\t\t\t\t\t\t\t<img fetchpriority=\"high\" decoding=\"async\" width=\"950\" height=\"319\" src=\"http:\/\/www.werkstatt-musikgeschichte.de\/wp-content\/uploads\/2025\/02\/1825.jpg\" class=\"attachment-full size-full wp-image-1529\" alt=\"\" srcset=\"http:\/\/www.werkstatt-musikgeschichte.de\/wp-content\/uploads\/2025\/02\/1825.jpg 950w, http:\/\/www.werkstatt-musikgeschichte.de\/wp-content\/uploads\/2025\/02\/1825-300x101.jpg 300w, http:\/\/www.werkstatt-musikgeschichte.de\/wp-content\/uploads\/2025\/02\/1825-768x258.jpg 768w\" sizes=\"(max-width: 950px) 100vw, 950px\" \/>\t\t\t\t\t\t\t\t\t\t\t\t\t\t\t<\/div>\n\t\t\t\t<\/div>\n\t\t\t\t\t<\/div>\n\t\t<\/div>\n\t\t\t\t\t<\/div>\n\t\t<\/section>\n\t\t\t\t<section class=\"elementor-section elementor-top-section elementor-element elementor-element-d1536c0 elementor-section-boxed elementor-section-height-default elementor-section-height-default\" data-id=\"d1536c0\" data-element_type=\"section\" data-e-type=\"section\">\n\t\t\t\t\t\t<div class=\"elementor-container elementor-column-gap-default\">\n\t\t\t\t\t<div class=\"elementor-column elementor-col-100 elementor-top-column elementor-element elementor-element-82a085b\" data-id=\"82a085b\" data-element_type=\"column\" data-e-type=\"column\">\n\t\t\t<div class=\"elementor-widget-wrap elementor-element-populated\">\n\t\t\t\t\t\t<div class=\"elementor-element elementor-element-e2cf36b elementor-widget elementor-widget-heading\" data-id=\"e2cf36b\" data-element_type=\"widget\" data-e-type=\"widget\" data-widget_type=\"heading.default\">\n\t\t\t\t<div class=\"elementor-widget-container\">\n\t\t\t\t\t<h2 class=\"elementor-heading-title elementor-size-default\">Urheberrechte<\/h2>\t\t\t\t<\/div>\n\t\t\t\t<\/div>\n\t\t\t\t\t<\/div>\n\t\t<\/div>\n\t\t\t\t\t<\/div>\n\t\t<\/section>\n\t\t\t\t<section class=\"elementor-section elementor-top-section elementor-element elementor-element-a8d0144 elementor-section-boxed elementor-section-height-default elementor-section-height-default\" data-id=\"a8d0144\" data-element_type=\"section\" data-e-type=\"section\">\n\t\t\t\t\t\t<div class=\"elementor-container elementor-column-gap-default\">\n\t\t\t\t\t<div class=\"elementor-column elementor-col-100 elementor-top-column elementor-element elementor-element-71585d6\" data-id=\"71585d6\" data-element_type=\"column\" data-e-type=\"column\">\n\t\t\t<div class=\"elementor-widget-wrap elementor-element-populated\">\n\t\t\t\t\t\t<div class=\"elementor-element elementor-element-dd8c2b8 elementor-widget elementor-widget-text-editor\" data-id=\"dd8c2b8\" data-element_type=\"widget\" data-e-type=\"widget\" data-widget_type=\"text-editor.default\">\n\t\t\t\t<div class=\"elementor-widget-container\">\n\t\t\t\t\t\t\t\t\t<p>&#8222;Werkstatt Musikgeschichte&#8220; basiert in hohem Ma\u00dfe auf Eigenleistungen aller Personen, die im Team mitgearbeitet haben. Aus diesem Grunde muss bei einer Vervielf\u00e4ltigung des Materials der Titel &#8222;Werkstatt Musikgeschichte&#8220; in der Kopfzeile erkennbar bleiben.<\/p>\n<p>&#8222;Werkstatt Musikgeschichte&#8220; verwendet Anschauungsmaterial, das in der Regel im Internet frei zug\u00e4nglich ist und, sofern es nicht gemeinfrei ist, sog. &#8222;Creative-Commons-Lizenzen&#8220; unterliegt. Diese Lizenzen sind in der Lehrer*innenhandreichung zur jeweiligen Unterrichtseinheit und am Ende der Bildpr\u00e4sentationen aufgef\u00fchrt und bei der Nutzung des Materials zu beachten. In F\u00e4llen, in denen Rechte bei Verlagen, Bibliotheken oder Museen liegen, wurde die Nutzungserlaubnis eingeholt.<\/p>\n<p>Sollte trotzdem der Verdacht einer Urheber- oder Abdruckrechtsverletzung entstehen, bitten wir darum, umgehend Kontakt aufzunehmen (matthias.handschick@web.de), um das Problem zu l\u00f6sen. Dies gilt auch f\u00fcr methodische Ideen, bei denen der Eindruck entsteht, sie seien \u00fcbernommen. Obwohl es schwierig ist, Urheberrechte f\u00fcr Unterrichtsideen zu beanspruchen, weisen wir gerne auf Autorinnen und Autoren hin, die bereits \u00e4hnliche Anregungen gegeben haben.<\/p>\n<p>Ein gro\u00dfer Gewinn f\u00fcr die Entstehung der &#8222;Werkstatt Musikgeschichte&#8220; waren und sind die Diskussionen in den Seminaren, die zun\u00e4chst an der P\u00e4dagogischen Hochschule Freiburg stattfanden und nun an der Hochschule f\u00fcr Musik Saar fortgesetzt werden. Aus diesem Grunde werden alle teilnehmenden Studierenden in den Erl\u00e4uterungen zum Team genannt. Sollte hier jemand vergessen worden sein, bitten wir um Nachricht. Das gleiche gilt f\u00fcr den Fall, dass jemand, der erw\u00e4hnt wird, nicht namentlich genannt werden m\u00f6chte.<\/p>\t\t\t\t\t\t\t\t<\/div>\n\t\t\t\t<\/div>\n\t\t\t\t\t<\/div>\n\t\t<\/div>\n\t\t\t\t\t<\/div>\n\t\t<\/section>\n\t\t\t\t<\/div>\n\t\t","protected":false},"excerpt":{"rendered":"<p>Urheberrechte &#8222;Werkstatt Musikgeschichte&#8220; basiert in hohem Ma\u00dfe auf Eigenleistungen aller Personen, die im Team mitgearbeitet haben. Aus diesem Grunde muss bei einer Vervielf\u00e4ltigung des Materials der Titel &#8222;Werkstatt Musikgeschichte&#8220; in der Kopfzeile erkennbar bleiben. &#8222;Werkstatt Musikgeschichte&#8220; verwendet Anschauungsmaterial, das in der Regel im Internet frei zug\u00e4nglich ist und, sofern es nicht gemeinfrei ist, sog. &#8222;Creative-Commons-Lizenzen&#8220; [&hellip;]<\/p>\n","protected":false},"author":1,"featured_media":0,"parent":0,"menu_order":0,"comment_status":"closed","ping_status":"closed","template":"","meta":{"ocean_post_layout":"","ocean_both_sidebars_style":"","ocean_both_sidebars_content_width":0,"ocean_both_sidebars_sidebars_width":0,"ocean_sidebar":"","ocean_second_sidebar":"","ocean_disable_margins":"enable","ocean_add_body_class":"","ocean_shortcode_before_top_bar":"","ocean_shortcode_after_top_bar":"","ocean_shortcode_before_header":"","ocean_shortcode_after_header":"","ocean_has_shortcode":"","ocean_shortcode_after_title":"","ocean_shortcode_before_footer_widgets":"","ocean_shortcode_after_footer_widgets":"","ocean_shortcode_before_footer_bottom":"","ocean_shortcode_after_footer_bottom":"","ocean_display_top_bar":"default","ocean_display_header":"default","ocean_header_style":"","ocean_center_header_left_menu":"","ocean_custom_header_template":"","ocean_custom_logo":0,"ocean_custom_retina_logo":0,"ocean_custom_logo_max_width":0,"ocean_custom_logo_tablet_max_width":0,"ocean_custom_logo_mobile_max_width":0,"ocean_custom_logo_max_height":0,"ocean_custom_logo_tablet_max_height":0,"ocean_custom_logo_mobile_max_height":0,"ocean_header_custom_menu":"","ocean_menu_typo_font_family":"","ocean_menu_typo_font_subset":"","ocean_menu_typo_font_size":0,"ocean_menu_typo_font_size_tablet":0,"ocean_menu_typo_font_size_mobile":0,"ocean_menu_typo_font_size_unit":"px","ocean_menu_typo_font_weight":"","ocean_menu_typo_font_weight_tablet":"","ocean_menu_typo_font_weight_mobile":"","ocean_menu_typo_transform":"","ocean_menu_typo_transform_tablet":"","ocean_menu_typo_transform_mobile":"","ocean_menu_typo_line_height":0,"ocean_menu_typo_line_height_tablet":0,"ocean_menu_typo_line_height_mobile":0,"ocean_menu_typo_line_height_unit":"","ocean_menu_typo_spacing":0,"ocean_menu_typo_spacing_tablet":0,"ocean_menu_typo_spacing_mobile":0,"ocean_menu_typo_spacing_unit":"","ocean_menu_link_color":"","ocean_menu_link_color_hover":"","ocean_menu_link_color_active":"","ocean_menu_link_background":"","ocean_menu_link_hover_background":"","ocean_menu_link_active_background":"","ocean_menu_social_links_bg":"","ocean_menu_social_hover_links_bg":"","ocean_menu_social_links_color":"","ocean_menu_social_hover_links_color":"","ocean_disable_title":"default","ocean_disable_heading":"default","ocean_post_title":"","ocean_post_subheading":"","ocean_post_title_style":"","ocean_post_title_background_color":"","ocean_post_title_background":0,"ocean_post_title_bg_image_position":"","ocean_post_title_bg_image_attachment":"","ocean_post_title_bg_image_repeat":"","ocean_post_title_bg_image_size":"","ocean_post_title_height":0,"ocean_post_title_bg_overlay":0.5,"ocean_post_title_bg_overlay_color":"","ocean_disable_breadcrumbs":"default","ocean_breadcrumbs_color":"","ocean_breadcrumbs_separator_color":"","ocean_breadcrumbs_links_color":"","ocean_breadcrumbs_links_hover_color":"","ocean_display_footer_widgets":"default","ocean_display_footer_bottom":"default","ocean_custom_footer_template":"","footnotes":""},"class_list":["post-1622","page","type-page","status-publish","hentry","entry"],"_links":{"self":[{"href":"http:\/\/www.werkstatt-musikgeschichte.de\/index.php\/wp-json\/wp\/v2\/pages\/1622","targetHints":{"allow":["GET"]}}],"collection":[{"href":"http:\/\/www.werkstatt-musikgeschichte.de\/index.php\/wp-json\/wp\/v2\/pages"}],"about":[{"href":"http:\/\/www.werkstatt-musikgeschichte.de\/index.php\/wp-json\/wp\/v2\/types\/page"}],"author":[{"embeddable":true,"href":"http:\/\/www.werkstatt-musikgeschichte.de\/index.php\/wp-json\/wp\/v2\/users\/1"}],"replies":[{"embeddable":true,"href":"http:\/\/www.werkstatt-musikgeschichte.de\/index.php\/wp-json\/wp\/v2\/comments?post=1622"}],"version-history":[{"count":3,"href":"http:\/\/www.werkstatt-musikgeschichte.de\/index.php\/wp-json\/wp\/v2\/pages\/1622\/revisions"}],"predecessor-version":[{"id":1972,"href":"http:\/\/www.werkstatt-musikgeschichte.de\/index.php\/wp-json\/wp\/v2\/pages\/1622\/revisions\/1972"}],"wp:attachment":[{"href":"http:\/\/www.werkstatt-musikgeschichte.de\/index.php\/wp-json\/wp\/v2\/media?parent=1622"}],"curies":[{"name":"wp","href":"https:\/\/api.w.org\/{rel}","templated":true}]}}