{"id":1617,"date":"2025-02-20T12:04:16","date_gmt":"2025-02-20T11:04:16","guid":{"rendered":"http:\/\/www.werkstatt-musikgeschichte.de\/?page_id=1617"},"modified":"2025-02-23T09:20:20","modified_gmt":"2025-02-23T08:20:20","slug":"team-und-genese","status":"publish","type":"page","link":"http:\/\/www.werkstatt-musikgeschichte.de\/index.php\/team-und-genese\/","title":{"rendered":"Team und Genese"},"content":{"rendered":"\t\t<div data-elementor-type=\"wp-page\" data-elementor-id=\"1617\" class=\"elementor elementor-1617\">\n\t\t\t\t\t\t<section class=\"elementor-section elementor-top-section elementor-element elementor-element-27ba44d elementor-section-stretched elementor-section-boxed elementor-section-height-default elementor-section-height-default\" data-id=\"27ba44d\" data-element_type=\"section\" data-e-type=\"section\" data-settings=\"{&quot;stretch_section&quot;:&quot;section-stretched&quot;}\">\n\t\t\t\t\t\t<div class=\"elementor-container elementor-column-gap-default\">\n\t\t\t\t\t<div class=\"elementor-column elementor-col-100 elementor-top-column elementor-element elementor-element-0184b58\" data-id=\"0184b58\" data-element_type=\"column\" data-e-type=\"column\">\n\t\t\t<div class=\"elementor-widget-wrap elementor-element-populated\">\n\t\t\t\t\t\t<div class=\"elementor-element elementor-element-60c8948 elementor-widget elementor-widget-image\" data-id=\"60c8948\" data-element_type=\"widget\" data-e-type=\"widget\" data-widget_type=\"image.default\">\n\t\t\t\t<div class=\"elementor-widget-container\">\n\t\t\t\t\t\t\t\t\t\t\t\t\t\t\t<img fetchpriority=\"high\" decoding=\"async\" width=\"950\" height=\"319\" src=\"http:\/\/www.werkstatt-musikgeschichte.de\/wp-content\/uploads\/2025\/02\/1825.jpg\" class=\"attachment-full size-full wp-image-1529\" alt=\"\" srcset=\"http:\/\/www.werkstatt-musikgeschichte.de\/wp-content\/uploads\/2025\/02\/1825.jpg 950w, http:\/\/www.werkstatt-musikgeschichte.de\/wp-content\/uploads\/2025\/02\/1825-300x101.jpg 300w, http:\/\/www.werkstatt-musikgeschichte.de\/wp-content\/uploads\/2025\/02\/1825-768x258.jpg 768w\" sizes=\"(max-width: 950px) 100vw, 950px\" \/>\t\t\t\t\t\t\t\t\t\t\t\t\t\t\t<\/div>\n\t\t\t\t<\/div>\n\t\t\t\t\t<\/div>\n\t\t<\/div>\n\t\t\t\t\t<\/div>\n\t\t<\/section>\n\t\t\t\t<section class=\"elementor-section elementor-top-section elementor-element elementor-element-5cc550a elementor-section-boxed elementor-section-height-default elementor-section-height-default\" data-id=\"5cc550a\" data-element_type=\"section\" data-e-type=\"section\">\n\t\t\t\t\t\t<div class=\"elementor-container elementor-column-gap-default\">\n\t\t\t\t\t<div class=\"elementor-column elementor-col-100 elementor-top-column elementor-element elementor-element-cce1a68\" data-id=\"cce1a68\" data-element_type=\"column\" data-e-type=\"column\">\n\t\t\t<div class=\"elementor-widget-wrap elementor-element-populated\">\n\t\t\t\t\t\t<div class=\"elementor-element elementor-element-4a2e8f4 elementor-widget elementor-widget-heading\" data-id=\"4a2e8f4\" data-element_type=\"widget\" data-e-type=\"widget\" data-widget_type=\"heading.default\">\n\t\t\t\t<div class=\"elementor-widget-container\">\n\t\t\t\t\t<h2 class=\"elementor-heading-title elementor-size-default\">Team und Genese<\/h2>\t\t\t\t<\/div>\n\t\t\t\t<\/div>\n\t\t\t\t\t<\/div>\n\t\t<\/div>\n\t\t\t\t\t<\/div>\n\t\t<\/section>\n\t\t\t\t<section class=\"elementor-section elementor-top-section elementor-element elementor-element-b663800 elementor-section-boxed elementor-section-height-default elementor-section-height-default\" data-id=\"b663800\" data-element_type=\"section\" data-e-type=\"section\">\n\t\t\t\t\t\t<div class=\"elementor-container elementor-column-gap-default\">\n\t\t\t\t\t<div class=\"elementor-column elementor-col-100 elementor-top-column elementor-element elementor-element-7a482e6\" data-id=\"7a482e6\" data-element_type=\"column\" data-e-type=\"column\">\n\t\t\t<div class=\"elementor-widget-wrap elementor-element-populated\">\n\t\t\t\t\t\t<div class=\"elementor-element elementor-element-f19152d elementor-widget elementor-widget-text-editor\" data-id=\"f19152d\" data-element_type=\"widget\" data-e-type=\"widget\" data-widget_type=\"text-editor.default\">\n\t\t\t\t<div class=\"elementor-widget-container\">\n\t\t\t\t\t\t\t\t\t<p>Die Idee, eine Musikgeschichte f\u00fcr Kinder und Jugendliche zu gestalten, hatten Thomas Christ und Matthias Handschick w\u00e4hrend einer gemeinsamen Fahrradtour durch das obere Rhonetal im Sp\u00e4tsommer 2010. Zun\u00e4chst war an eine Buchver\u00f6ffentlichung im narrativen Stil gedacht. Im Verlauf der Diskussion wurde der Wunsch, wichtige Entwicklungen der abendl\u00e4ndischen Musikgeschichte f\u00fcr die Leser*innen durch eingef\u00fcgte Aufgabenstellungen aktiv nachvollziehbar zu machen, jedoch immer st\u00e4rker. Allerdings blieb lange unklar, ob es \u00fcberhaupt m\u00f6glich sei, Musikgeschichte als Kompositionsgeschichte so zu elementarisieren, dass zentrale Aspekte technischer und stilistischer Fortschreitungen nicht nur f\u00fcr Spezialist*innen, sondern f\u00fcr alle Interessierten anhand eigenst\u00e4ndiger sch\u00f6pferischer T\u00e4tigkeiten greifbar werden.<\/p><p><span style=\"font-size: 16px; color: var( --e-global-color-text );\">Die M\u00f6glichkeit diese Frage mit einem Team aus Musikp\u00e4dagog*innen und Musiktheoretiker*innen ausf\u00fchrlich zu diskutieren und L\u00f6sungswege experimentell zu entwickeln, ergab sich erstmals im Rahmen des vom Ministerium f\u00fcr Kultus, Jugend und Sport Baden-W\u00fcrttemberg gef\u00f6rderten Forschungsprojekt &#8222;Produktive Musikdidaktik f\u00fcr allgemein bildende Schulen&#8220;, das in den Jahren 2011-2015 an der P\u00e4dagogischen Hochschule Freiburg und der Hochschule f\u00fcr Musik Freiburg durchgef\u00fchrt wurde. Hier konnten auf der Basis von Teilabordnungen acht Lehrkr\u00e4fte von verschiedenen Schularten (neben Thomas Christ und Matthias Handschick waren dies Daniel Himmelseher, B\u00e4rbel Libera, Viviane Sigg und andere) gemeinsam mit Prof. Cornelius Schwehr im Rahmen zweier institutionen\u00fcbergreifender Seminare im Wintersemester 2012\/13 und im Sommersemester 2013 gemeinsam mit Studierenden erste konkrete Modelle handlungsorientierter und sch\u00f6pferischer Ann\u00e4herungen an historische Musik entwickeln.<\/span><\/p><p><span style=\"font-size: 16px; color: var( --e-global-color-text );\">Im Anschluss an diese einj\u00e4hrige Phase des Experimentierens in der gro\u00dfen Arbeitsgruppe trafen sich Thomas Christ, B\u00e4rbel Libera und Matthias Handschick regelm\u00e4\u00dfig, um die Ideen auszuarbeiten. In dieser Zeit begannen auch J\u00fcrgen Unseld und Rosa M\u00fcller-Gantert, Illustrationen zu einzeln Kapiteln anzufertigen. Fertig gestellt werden konnten in dieser Zeit die beiden Einheiten zur Musik des Mittelalters und zur Musik der Renaissance. Die Einheit zur Musik des Barockzeitalters wurde angelegt. Prof. Dr. Johannes Menke, der an der Schola Cantorum Basiliensis Theorie der Alten Musik und historische Satzlehre unterrichtet, unterzog die Einheiten zur Musik des Mittelalters und zur Musik der Renaissance einer gr\u00fcndlichen fachlichen Pr\u00fcfung und regte wichtige Korrekturen an. Eine gewissenhafte Durchsicht des bis dahin vorliegenden Materials in Bezug auf die Orthografie ist Maria H\u00f6rl zu verdanken.<\/span><\/p><p><span style=\"font-size: 16px; color: var( --e-global-color-text );\">Unterbrochen wurde die Arbeit an der &#8222;Werkstatt Musikgeschichte&#8220;, als Matthias Handschick 2015 auf die Professur f\u00fcr Musikp\u00e4dagogik und Musikdidaktik an die Hochschule f\u00fcr Musik Saar berufen wurde. Das neue Arbeitsfeld bedurfte einer gr\u00fcndlichen Erschlie\u00dfung, die Familie musste umgesiedelt werden und die Lehramtsstudieng\u00e4nge an der HfM Saar waren von Grund auf zu reformieren. Erst im Sommersemester 2018 konnte die kontinuierliche Arbeit an der &#8222;Werkstatt Musikgeschichte&#8220; wieder aufgenommen werden, jetzt im Rahmen des Forschungsprojekts &#8222;SaLUt&#8220;, das vom Bundesministerium f\u00fcr Bildung Forschung finanziert wird und der Optimierung der saarl\u00e4ndischen Lehrer*innenbildung im Hinblick auf den Umgang mit Heterogenit\u00e4t und Inklusion dient. Matthias Handschick, Thomas Christ und Laura Delitala-M\u00f6ller, die im Rahmen des Projekts &#8222;SaLUt&#8220; an der Hochschule f\u00fcr Musik t\u00e4tig ist und wichtige interdisziplin\u00e4re Akzente in den Bereichen Architektur und Bildende Kunst setzte sowie umfassende Experise bzgl. systemischer P\u00e4dagogik einbrachte, leiteten gemeinsam drei Seminare an der Hochschule f\u00fcr Musik Saar, die sich der Musik der Klassik (SoSe 2018) der Musik der Romantik (WiSe 2018\/19) und der Musik des Barockzeitalters (SoSe 2019) widmeten. F\u00fcr die sorgf\u00e4ltige Protokollierung dieser Seminare sei Sonia Koch und Luisa Ultes gedankt.\u00a0<\/span><\/p><p><span style=\"font-size: 16px; color: var( --e-global-color-text );\">Da einige vielversprechende Ideen, die Eingang in die &#8222;Werkstatt Musikgeschichte&#8220; fanden, von Studierenden kamen, die an den zugeh\u00f6rigen Lehrveranstaltungen teilgenommen haben, sind im Folgenden die vollst\u00e4ndigen Seminarbesetzungen aufgelistet:<\/span><\/p><p><b style=\"font-size: 16px; color: var( --e-global-color-text );\">\u00a0<\/b><\/p><p><strong>WiSe 2012\/13: Seminar &#8222;Musikgeschichte produktiv vermitteln&#8220; (P\u00e4dagogische Hochschule Freiburg \/ Hochschule f\u00fcr Musik Freiburg):<\/strong><\/p><p><span style=\"color: var( --e-global-color-text ); font-size: 16px;\">Studierende der P\u00e4dagogischen Hochschule Freiburg und der Hochschule f\u00fcr Musik Freiburg, Leitung: Prof. Cornelius Schwehr, Matthias Handschick, Thomas Christ, B\u00e4rbel Libera, Viviane Sigg, Daniel Himmelseher und andere.<\/span><\/p><p><strong><span style=\"font-size: 16px; color: var( --e-global-color-text );\">SoSe 2013: Seminar &#8222;Musikgeschichte produktiv vermitteln&#8220; (P\u00e4dagogische Hochschule Freiburg \/ Hochschule f\u00fcr Musik Freiburg):<\/span><\/strong><\/p><p><span style=\"font-size: 16px; color: var( --e-global-color-text );\">Studierende der P\u00e4dagogischen Hochschule Freiburg und der Hochschule f\u00fcr Musik Freiburg, Leitung: Prof. Cornelius Schwehr, Matthias Handschick, Thomas Christ, B\u00e4rbel Libera, Viviane Sigg, Daniel Himmelseher und andere.<\/span><\/p><p><strong><span style=\"font-size: 16px; color: var( --e-global-color-text );\">SoSe 2016: Seminar &#8222;Musikunterricht mit heterogenen Lerngruppen zum Thema Barockmusik&#8220; (Hochschule f\u00fcr Musik Saar):\u00a0<\/span><\/strong><\/p><p><span style=\"font-size: 16px; color: var( --e-global-color-text );\">Andreas Lorson, Annika Bock, Christian He\u00df, Etienne Poup, Fabian Volk, Florence Scherer, Jens M\u00fcller, Lea Reiland, Rebecca Senck, Lulu Yang, Sandra Jensen, Sarah Jung, Tanja Voigt, Thomas Wainer, Ulrike Bleif, u.a., Leitung: Matthias Handschick.<\/span><\/p><p><strong><span style=\"font-size: 16px; color: var( --e-global-color-text );\">SoSe 2018: Seminar: &#8222;Werkstatt Musikgeschichte: Klassik&#8220; (Hochschule f\u00fcr Musik Saar):\u00a0<\/span><\/strong><\/p><p><span style=\"color: var( --e-global-color-text ); font-size: 16px;\">Joy Genen, Lucas Krell, Marco Salzmann, Sonia Koch, u.a. <br \/>Leitung: Laura Delitala-M\u00f6ller, Matthias Handschick, Thomas Christ.<\/span><\/p><p><strong><span style=\"font-size: 16px; color: var( --e-global-color-text );\">WiSe 2018\/19: Seminar: &#8222;Werkstatt Musikgeschichte: Romantik&#8220; (Hochschule f\u00fcr Musik Saar):\u00a0<\/span><\/strong><\/p><p><span style=\"font-size: 16px; color: var( --e-global-color-text );\">Annika Stein, Daniel Wohlfeil, Dorothea Baumgarten, Elisabeth Hartschuh, Johanna Kuhn, Joris Onnenga, Julia Hinger, Katharina Lermen, Katharina Lermen, Michael Czulak, Sonia Koch, u.a.<br \/>Leitung: Laura Delitala-M\u00f6ller, Matthias Handschick, Thomas Christ.<\/span><\/p><p><strong><span style=\"font-size: 16px; color: var( --e-global-color-text );\">SoSe 2019: Seminar: &#8222;Werkstatt Musikgeschichte: Barock&#8220; (Hochschule f\u00fcr Musik Saar):\u00a0<\/span><\/strong><\/p><p><span style=\"font-size: 16px; color: var( --e-global-color-text );\">Anna B\u00f6s, Friedemann Ernst, Jacqueline No\u00df, Judith Piroth, Luisa Ultes, Mariami Gegelashvili, Matthias Jahn, Matthias Velten, Melanie Kreutz, Sebastian Busch, Nicolai Schneider, Stephan Urnau, Timo Seewald, u.a.<br \/>Leitung: Laura Delitala-M\u00f6ller, Matthias Handschick, Thomas Christ.<\/span><\/p>\t\t\t\t\t\t\t\t<\/div>\n\t\t\t\t<\/div>\n\t\t\t\t\t<\/div>\n\t\t<\/div>\n\t\t\t\t\t<\/div>\n\t\t<\/section>\n\t\t\t\t<\/div>\n\t\t","protected":false},"excerpt":{"rendered":"<p>Team und Genese Die Idee, eine Musikgeschichte f\u00fcr Kinder und Jugendliche zu gestalten, hatten Thomas Christ und Matthias Handschick w\u00e4hrend einer gemeinsamen Fahrradtour durch das obere Rhonetal im Sp\u00e4tsommer 2010. Zun\u00e4chst war an eine Buchver\u00f6ffentlichung im narrativen Stil gedacht. Im Verlauf der Diskussion wurde der Wunsch, wichtige Entwicklungen der abendl\u00e4ndischen Musikgeschichte f\u00fcr die Leser*innen durch [&hellip;]<\/p>\n","protected":false},"author":1,"featured_media":0,"parent":0,"menu_order":0,"comment_status":"closed","ping_status":"closed","template":"","meta":{"ocean_post_layout":"","ocean_both_sidebars_style":"","ocean_both_sidebars_content_width":0,"ocean_both_sidebars_sidebars_width":0,"ocean_sidebar":"","ocean_second_sidebar":"","ocean_disable_margins":"enable","ocean_add_body_class":"","ocean_shortcode_before_top_bar":"","ocean_shortcode_after_top_bar":"","ocean_shortcode_before_header":"","ocean_shortcode_after_header":"","ocean_has_shortcode":"","ocean_shortcode_after_title":"","ocean_shortcode_before_footer_widgets":"","ocean_shortcode_after_footer_widgets":"","ocean_shortcode_before_footer_bottom":"","ocean_shortcode_after_footer_bottom":"","ocean_display_top_bar":"default","ocean_display_header":"default","ocean_header_style":"","ocean_center_header_left_menu":"","ocean_custom_header_template":"","ocean_custom_logo":0,"ocean_custom_retina_logo":0,"ocean_custom_logo_max_width":0,"ocean_custom_logo_tablet_max_width":0,"ocean_custom_logo_mobile_max_width":0,"ocean_custom_logo_max_height":0,"ocean_custom_logo_tablet_max_height":0,"ocean_custom_logo_mobile_max_height":0,"ocean_header_custom_menu":"","ocean_menu_typo_font_family":"","ocean_menu_typo_font_subset":"","ocean_menu_typo_font_size":0,"ocean_menu_typo_font_size_tablet":0,"ocean_menu_typo_font_size_mobile":0,"ocean_menu_typo_font_size_unit":"px","ocean_menu_typo_font_weight":"","ocean_menu_typo_font_weight_tablet":"","ocean_menu_typo_font_weight_mobile":"","ocean_menu_typo_transform":"","ocean_menu_typo_transform_tablet":"","ocean_menu_typo_transform_mobile":"","ocean_menu_typo_line_height":0,"ocean_menu_typo_line_height_tablet":0,"ocean_menu_typo_line_height_mobile":0,"ocean_menu_typo_line_height_unit":"","ocean_menu_typo_spacing":0,"ocean_menu_typo_spacing_tablet":0,"ocean_menu_typo_spacing_mobile":0,"ocean_menu_typo_spacing_unit":"","ocean_menu_link_color":"","ocean_menu_link_color_hover":"","ocean_menu_link_color_active":"","ocean_menu_link_background":"","ocean_menu_link_hover_background":"","ocean_menu_link_active_background":"","ocean_menu_social_links_bg":"","ocean_menu_social_hover_links_bg":"","ocean_menu_social_links_color":"","ocean_menu_social_hover_links_color":"","ocean_disable_title":"default","ocean_disable_heading":"default","ocean_post_title":"","ocean_post_subheading":"","ocean_post_title_style":"","ocean_post_title_background_color":"","ocean_post_title_background":0,"ocean_post_title_bg_image_position":"","ocean_post_title_bg_image_attachment":"","ocean_post_title_bg_image_repeat":"","ocean_post_title_bg_image_size":"","ocean_post_title_height":0,"ocean_post_title_bg_overlay":0.5,"ocean_post_title_bg_overlay_color":"","ocean_disable_breadcrumbs":"default","ocean_breadcrumbs_color":"","ocean_breadcrumbs_separator_color":"","ocean_breadcrumbs_links_color":"","ocean_breadcrumbs_links_hover_color":"","ocean_display_footer_widgets":"default","ocean_display_footer_bottom":"default","ocean_custom_footer_template":"","footnotes":""},"class_list":["post-1617","page","type-page","status-publish","hentry","entry"],"_links":{"self":[{"href":"http:\/\/www.werkstatt-musikgeschichte.de\/index.php\/wp-json\/wp\/v2\/pages\/1617","targetHints":{"allow":["GET"]}}],"collection":[{"href":"http:\/\/www.werkstatt-musikgeschichte.de\/index.php\/wp-json\/wp\/v2\/pages"}],"about":[{"href":"http:\/\/www.werkstatt-musikgeschichte.de\/index.php\/wp-json\/wp\/v2\/types\/page"}],"author":[{"embeddable":true,"href":"http:\/\/www.werkstatt-musikgeschichte.de\/index.php\/wp-json\/wp\/v2\/users\/1"}],"replies":[{"embeddable":true,"href":"http:\/\/www.werkstatt-musikgeschichte.de\/index.php\/wp-json\/wp\/v2\/comments?post=1617"}],"version-history":[{"count":3,"href":"http:\/\/www.werkstatt-musikgeschichte.de\/index.php\/wp-json\/wp\/v2\/pages\/1617\/revisions"}],"predecessor-version":[{"id":1966,"href":"http:\/\/www.werkstatt-musikgeschichte.de\/index.php\/wp-json\/wp\/v2\/pages\/1617\/revisions\/1966"}],"wp:attachment":[{"href":"http:\/\/www.werkstatt-musikgeschichte.de\/index.php\/wp-json\/wp\/v2\/media?parent=1617"}],"curies":[{"name":"wp","href":"https:\/\/api.w.org\/{rel}","templated":true}]}}